{"id":62,"date":"2025-10-23T00:02:26","date_gmt":"2025-10-23T00:02:26","guid":{"rendered":"https:\/\/pedacitodecielo.com.ar\/bienvenidos\/?page_id=62"},"modified":"2025-10-27T22:46:35","modified_gmt":"2025-10-27T22:46:35","slug":"bienvenidos","status":"publish","type":"page","link":"https:\/\/pedacitodecielo.com.ar\/bienvenidos\/","title":{"rendered":"Bienvenidos"},"content":{"rendered":"<div class=\"wpb-content-wrapper\"><p>[vc_row content_placement=\u00bbtop\u00bb][vc_column]\n\t\t\t\t<p class=\"rs-p-wp-fix\"><\/p>\n\t\t\t\t<sr7-module data-alias=\"slider-1\" data-id=\"1\" id=\"SR7_1_1\" class=\"rs-ov-hidden\" data-version=\"6.7.37\">\n\t\t\t\t\t<sr7-adjuster><\/sr7-adjuster>\n\t\t\t\t\t<sr7-content>\n\t\t\t\t\t\t<sr7-slide id=\"SR7_1_1-4\" data-key=\"4\">\n\t\t\t\t\t\t<\/sr7-slide>\n\t\t\t\t\t\t<sr7-slide id=\"SR7_1_1-3\" data-key=\"3\">\n\t\t\t\t\t\t<\/sr7-slide>\n\t\t\t\t\t\t<sr7-slide id=\"SR7_1_1-1\" data-key=\"1\">\n\t\t\t\t\t\t<\/sr7-slide>\n\t\t\t\t\t\t<sr7-slide id=\"SR7_1_1-5\" data-key=\"5\">\n\t\t\t\t\t\t<\/sr7-slide>\n\t\t\t\t\t\t<sr7-slide id=\"SR7_1_1-2\" data-key=\"2\">\n\t\t\t\t\t\t<\/sr7-slide>\n\t\t\t\t\t<\/sr7-content>\n\t\t\t\t\t<image_lists style=\"display:none\">\n\t\t\t\t\t\t<img data-src=\"\/\/pedacitodecielo.com.ar\/bienvenidos\/wp-content\/uploads\/2025\/10\/1-pedacitodecielo.jpg\" data-libid=\"53\" title=\"pedacitodecielo\" width=\"0\" height=\"0\" data-dbsrc=\"Ly9wZWRhY2l0b2RlY2llbG8uY29tLmFyL2JpZW52ZW5pZG9zL3dwLWNvbnRlbnQvdXBsb2Fkcy8yMDI1LzEwLzEtcGVkYWNpdG9kZWNpZWxvLmpwZw==\"\/>\n\t\t\t\t\t\t<img data-src=\"\/\/pedacitodecielo.com.ar\/bienvenidos\/wp-content\/uploads\/2025\/10\/11.png\" data-libid=\"249\" data-lib=\"medialibrary\" title=\"11\" width=\"0\" height=\"0\" data-dbsrc=\"Ly9wZWRhY2l0b2RlY2llbG8uY29tLmFyL2JpZW52ZW5pZG9zL3dwLWNvbnRlbnQvdXBsb2Fkcy8yMDI1LzEwLzExLnBuZw==\"\/>\n\t\t\t\t\t\t<img data-src=\"\/\/pedacitodecielo.com.ar\/bienvenidos\/wp-content\/uploads\/2025\/10\/12.png\" data-libid=\"250\" data-lib=\"medialibrary\" title=\"12\" width=\"0\" height=\"0\" data-dbsrc=\"Ly9wZWRhY2l0b2RlY2llbG8uY29tLmFyL2JpZW52ZW5pZG9zL3dwLWNvbnRlbnQvdXBsb2Fkcy8yMDI1LzEwLzEyLnBuZw==\"\/>\n\t\t\t\t\t\t<img data-src=\"\/\/pedacitodecielo.com.ar\/bienvenidos\/wp-content\/uploads\/2025\/10\/1-13.png\" data-libid=\"251\" title=\"13\" width=\"0\" height=\"0\" data-dbsrc=\"Ly9wZWRhY2l0b2RlY2llbG8uY29tLmFyL2JpZW52ZW5pZG9zL3dwLWNvbnRlbnQvdXBsb2Fkcy8yMDI1LzEwLzEtMTMucG5n\"\/>\n\t\t\t\t\t<\/image_lists>\n\t\t\t\t<\/sr7-module>\n\t\t\t\t<script>\n\t\t\t\t\tSR7.PMH ??={}; SR7.PMH[\"SR7_1_1\"] = {cn:100,state:false,fn: function() { if (_tpt!==undefined && _tpt.prepareModuleHeight !== undefined) {  _tpt.prepareModuleHeight({id:\"SR7_1_1\",el:[550,550,768,960,720],type:'standard',shdw:'0',gh:[550,550,768,960,720],gw:[1240,1240,1024,778,480],vpt:['-100px&#039;,&#039;-100px&#039;,&#039;-100px&#039;,&#039;-100px&#039;,&#039;-100px'],size:{fullWidth:true, fullHeight:false},mh:'0',onh:0,onw:0,bg:{color:'{\"orig\":\"transparent\",\"type\":\"solid\",\"string\":\"transparent\"}'}});   SR7.PMH[\"SR7_1_1\"].state=true;} else if(SR7.PMH[\"SR7_1_1\"].cn-->0)\tsetTimeout( SR7.PMH[\"SR7_1_1\"].fn,19);}};SR7.PMH[\"SR7_1_1\" ].fn();\n\t\t\t\t<\/script>\n[\/vc_column][\/vc_row][vc_row full_width=\u00bbstretch_row_content_no_spaces\u00bb desctop_mt=\u00bbmargin-lg-15t\u00bb desctop_mb=\u00bbmargin-lg-15b\u00bb tablets_mt=\u00bbmargin-sm-15t\u00bb tablets_mb=\u00bbmargin-sm-15b\u00bb mobile_mt=\u00bbmargin-xs-15t\u00bb mobile_mb=\u00bbmargin-xs-15b\u00bb css=\u00bb.vc_custom_1761244681734{padding-top: 50px !important;padding-right: 15px !important;padding-bottom: 50px !important;padding-left: 15px !important;background-color: #D4FFFD !important;}\u00bb][vc_column width=\u00bb1\/4&#8243;][vc_single_image image=\u00bb238&#8243; img_size=\u00bbmedium\u00bb alignment=\u00bbcenter\u00bb css=\u00bb\u00bb][\/vc_column][vc_column width=\u00bb3\/4&#8243;][vc_custom_heading text=\u00bbQuienes Somos\u00bb font_container=\u00bbtag:h1|text_align:left|color:%23F13D81&#8243; google_fonts=\u00bbfont_family:PT%20Serif%3Aregular%2Citalic%2C700%2C700italic|font_style:700%20bold%20italic%3A700%3Aitalic\u00bb css=\u00bb\u00bb][vc_column_text css=\u00bb\u00bb]El Hogar Pedacito de Cielo es una instituci\u00f3n de bien p\u00fablico, que da unmarco de contenci\u00f3n, desarrollo, amor y esperanza a ni\u00f1os menores en situaci\u00f3nde alta vulnerabilidad.<\/p>\n<p>Los ni\u00f1os son derivados por la Justicia, ya que por diferentes situaciones de desamparo, no pueden estar con sus familias.<\/p>\n<p>La capacidad del Hogar es para chicos con edades de ingreso desde 0 hastalos 10 a\u00f1os. Todos los ni\u00f1os reciben contenci\u00f3n, afecto, educaci\u00f3n, alimentos,ropa y asistencia m\u00e9dica.[\/vc_column_text][vc_empty_space height=\u00bb70px\u00bb][vc_btn title=\u00bbVer m\u00e1s&#8230;\u00bb color=\u00bbturquoise\u00bb i_icon_fontawesome=\u00bbfa fa-solid fa-circle-arrow-right\u00bb css=\u00bb\u00bb add_icon=\u00bbtrue\u00bb link=\u00bburl:https%3A%2F%2Fpedacitodecielo.com.ar%2Fbienvenidos%2Fquienes-somos%2F|title:Quienes%20Somos\u00bb][\/vc_column][\/vc_row][vc_row full_width=\u00bbstretch_row_content_no_spaces\u00bb content_placement=\u00bbtop\u00bb][vc_column width=\u00bb1\/4&#8243;][\/vc_column][vc_column width=\u00bb3\/4&#8243;][vc_column_text css=\u00bb\u00bb]<\/p>\n<div style=\"width: 854px;\" class=\"wp-video\"><video class=\"wp-video-shortcode\" id=\"video-62-1\" width=\"854\" height=\"480\" preload=\"metadata\" controls=\"controls\"><source type=\"video\/mp4\" src=\"https:\/\/pedacitodecielo.com.ar\/bienvenidos\/wp-content\/uploads\/2025\/10\/Pedacito-de-Cielo312.mp4?_=1\" \/><a href=\"https:\/\/pedacitodecielo.com.ar\/bienvenidos\/wp-content\/uploads\/2025\/10\/Pedacito-de-Cielo312.mp4\">https:\/\/pedacitodecielo.com.ar\/bienvenidos\/wp-content\/uploads\/2025\/10\/Pedacito-de-Cielo312.mp4<\/a><\/video><\/div>\n<p>[\/vc_column_text][\/vc_column][\/vc_row][vc_section css=\u00bb.vc_custom_1761244694958{padding-top: 40px !important;padding-right: 15px !important;padding-bottom: 40px !important;padding-left: 15px !important;}\u00bb][vc_row][vc_column][vc_empty_space height=\u00bb70px\u00bb][vc_custom_heading text=\u00bb\u00bfC\u00f3mo Ayudar?\u00bb font_container=\u00bbtag:h1|text_align:center|color:%23F13D81&#8243; google_fonts=\u00bbfont_family:PT%20Serif%3Aregular%2Citalic%2C700%2C700italic|font_style:700%20bold%20italic%3A700%3Aitalic\u00bb css=\u00bb\u00bb][vc_empty_space height=\u00bb70px\u00bb][\/vc_column][\/vc_row][vc_row desctop_mt=\u00bbmargin-lg-10t\u00bb desctop_mb=\u00bbmargin-lg-10b\u00bb tablets_mt=\u00bbmargin-sm-10t\u00bb tablets_mb=\u00bbmargin-sm-10b\u00bb mobile_mt=\u00bbmargin-xs-10t\u00bb mobile_mb=\u00bbmargin-xs-10b\u00bb][vc_column width=\u00bb1\/4&#8243;][vc_single_image image=\u00bb279&#8243; img_size=\u00bbmedium\u00bb alignment=\u00bbcenter\u00bb css=\u00bb\u00bb][vc_empty_space height=\u00bb5px\u00bb][vc_btn title=\u00bbVer m\u00e1s&#8230;\u00bb color=\u00bbturquoise\u00bb align=\u00bbcenter\u00bb i_icon_fontawesome=\u00bbfa fa-solid fa-circle-arrow-right\u00bb css=\u00bb\u00bb add_icon=\u00bbtrue\u00bb link=\u00bburl:https%3A%2F%2Fapi.whatsapp.com%2Fsend%3Fphone%3D5493413769678%26text%3DHola!|title:Quienes%20Sumarme\u00bb][vc_empty_space height=\u00bb20px\u00bb][\/vc_column][vc_column width=\u00bb1\/4&#8243;][vc_single_image image=\u00bb281&#8243; img_size=\u00bbmedium\u00bb alignment=\u00bbcenter\u00bb css=\u00bb\u00bb][vc_empty_space height=\u00bb5px\u00bb][vc_btn title=\u00bbVer m\u00e1s&#8230;\u00bb color=\u00bbturquoise\u00bb align=\u00bbcenter\u00bb i_icon_fontawesome=\u00bbfa fa-solid fa-circle-arrow-right\u00bb css=\u00bb\u00bb add_icon=\u00bbtrue\u00bb link=\u00bburl:https%3A%2F%2Fapi.whatsapp.com%2Fsend%3Fphone%3D5493413769678%26text%3DHola!|title:Quienes%20colaborar\u00bb][vc_empty_space height=\u00bb20px\u00bb][\/vc_column][vc_column width=\u00bb1\/4&#8243;][vc_single_image image=\u00bb282&#8243; img_size=\u00bbmedium\u00bb alignment=\u00bbcenter\u00bb css=\u00bb\u00bb][vc_empty_space height=\u00bb5px\u00bb][vc_btn title=\u00bbVer m\u00e1s&#8230;\u00bb color=\u00bbturquoise\u00bb align=\u00bbcenter\u00bb i_icon_fontawesome=\u00bbfa fa-solid fa-circle-arrow-right\u00bb css=\u00bb\u00bb add_icon=\u00bbtrue\u00bb link=\u00bburl:https%3A%2F%2Fdonaronline.org%2Fpedacito-de-cielo%2Fsocios-hogar-pedacito-de-cielo-en-la-tierra%3Fslid%3D3866099e-860b-4173-8c30-ccc107d3e207%26svid%3Da8012da6-3732-5130-a9f4-8eb0428f50ce%26utm_campaign%3Dorg_share%26utm_content%3Dcmpgn_edit_share%26utm_medium%3Dsocial%26utm_source%3Dwhatsapp|title:Quiero%20donar\u00bb][vc_empty_space height=\u00bb20px\u00bb][\/vc_column][vc_column width=\u00bb1\/4&#8243;][vc_single_image image=\u00bb283&#8243; img_size=\u00bbmedium\u00bb alignment=\u00bbcenter\u00bb css=\u00bb\u00bb][vc_empty_space height=\u00bb5px\u00bb][vc_empty_space height=\u00bb20px\u00bb][\/vc_column][\/vc_row][\/vc_section][vc_row desctop_mt=\u00bbmargin-lg-10t\u00bb desctop_mb=\u00bbmargin-lg-10b\u00bb tablets_mt=\u00bbmargin-sm-10t\u00bb tablets_mb=\u00bbmargin-sm-10b\u00bb mobile_mt=\u00bbmargin-xs-10t\u00bb mobile_mb=\u00bbmargin-xs-10b\u00bb css=\u00bb.vc_custom_1761244843508{padding-top: 40px !important;padding-bottom: 40px !important;}\u00bb][vc_column][vc_custom_heading text=\u00bbContactanos\u00bb font_container=\u00bbtag:h1|text_align:left|color:%23F13D81&#8243; google_fonts=\u00bbfont_family:PT%20Serif%3Aregular%2Citalic%2C700%2C700italic|font_style:700%20bold%20italic%3A700%3Aitalic\u00bb css=\u00bb\u00bb]\n<div class=\"wpcf7 no-js\" id=\"wpcf7-f84-o1\" lang=\"es-ES\" dir=\"ltr\" data-wpcf7-id=\"84\">\n<div class=\"screen-reader-response\"><p role=\"status\" aria-live=\"polite\" aria-atomic=\"true\"><\/p> <ul><\/ul><\/div>\n<form action=\"\/bienvenidos\/wp-json\/wp\/v2\/pages\/62#wpcf7-f84-o1\" method=\"post\" class=\"wpcf7-form init\" aria-label=\"Formulario de contacto\" novalidate=\"novalidate\" data-status=\"init\">\n<fieldset class=\"hidden-fields-container\"><input type=\"hidden\" name=\"_wpcf7\" value=\"84\" \/><input type=\"hidden\" name=\"_wpcf7_version\" value=\"6.1.2\" \/><input type=\"hidden\" name=\"_wpcf7_locale\" value=\"es_ES\" \/><input type=\"hidden\" name=\"_wpcf7_unit_tag\" value=\"wpcf7-f84-o1\" \/><input type=\"hidden\" name=\"_wpcf7_container_post\" value=\"0\" \/><input type=\"hidden\" name=\"_wpcf7_posted_data_hash\" value=\"\" \/>\n<\/fieldset>\n<p><label> Tu nombre<br \/>\n<span class=\"wpcf7-form-control-wrap\" data-name=\"your-name\"><input size=\"40\" maxlength=\"400\" class=\"wpcf7-form-control wpcf7-text wpcf7-validates-as-required\" autocomplete=\"name\" aria-required=\"true\" aria-invalid=\"false\" value=\"\" type=\"text\" name=\"your-name\" \/><\/span> <\/label>\n<\/p>\n<p><label> Tu correo electr\u00f3nico<br \/>\n<span class=\"wpcf7-form-control-wrap\" data-name=\"your-email\"><input size=\"40\" maxlength=\"400\" class=\"wpcf7-form-control wpcf7-email wpcf7-validates-as-required wpcf7-text wpcf7-validates-as-email\" autocomplete=\"email\" aria-required=\"true\" aria-invalid=\"false\" value=\"\" type=\"email\" name=\"your-email\" \/><\/span> <\/label>\n<\/p>\n<p><label> Asunto<br \/>\n<span class=\"wpcf7-form-control-wrap\" data-name=\"your-subject\"><input size=\"40\" maxlength=\"400\" class=\"wpcf7-form-control wpcf7-text wpcf7-validates-as-required\" aria-required=\"true\" aria-invalid=\"false\" value=\"\" type=\"text\" name=\"your-subject\" \/><\/span> <\/label>\n<\/p>\n<p><label> Tu mensaje (opcional)<br \/>\n<span class=\"wpcf7-form-control-wrap\" data-name=\"your-message\"><textarea cols=\"40\" rows=\"10\" maxlength=\"2000\" class=\"wpcf7-form-control wpcf7-textarea\" aria-invalid=\"false\" name=\"your-message\"><\/textarea><\/span> <\/label>\n<\/p>\n<p><input class=\"wpcf7-form-control wpcf7-submit has-spinner\" type=\"submit\" value=\"Enviar\" \/>\n<\/p><div class=\"wpcf7-response-output\" aria-hidden=\"true\"><\/div>\n<\/form>\n<\/div>\n[vc_empty_space height=\u00bb70px\u00bb][\/vc_column][\/vc_row]<\/p>\n<\/div>","protected":false},"excerpt":{"rendered":"<p>[vc_row content_placement=\u00bbtop\u00bb][vc_column][\/vc_column][\/vc_row][vc_row full_width=\u00bbstretch_row_content_no_spaces\u00bb desctop_mt=\u00bbmargin-lg-15t\u00bb desctop_mb=\u00bbmargin-lg-15b\u00bb tablets_mt=\u00bbmargin-sm-15t\u00bb tablets_mb=\u00bbmargin-sm-15b\u00bb mobile_mt=\u00bbmargin-xs-15t\u00bb mobile_mb=\u00bbmargin-xs-15b\u00bb css=\u00bb.vc_custom_1761244681734{padding-top: 50px !important;padding-right: 15px !important;padding-bottom: 50px !important;padding-left: 15px !important;background-color: #D4FFFD !important;}\u00bb][vc_column width=\u00bb1\/4&#8243;][vc_single_image image=\u00bb238&#8243; img_size=\u00bbmedium\u00bb alignment=\u00bbcenter\u00bb css=\u00bb\u00bb][\/vc_column][vc_column width=\u00bb3\/4&#8243;][vc_custom_heading text=\u00bbQuienes Somos\u00bb font_container=\u00bbtag:h1|text_align:left|color:%23F13D81&#8243; google_fonts=\u00bbfont_family:PT%20Serif%3Aregular%2Citalic%2C700%2C700italic|font_style:700%20bold%20italic%3A700%3Aitalic\u00bb css=\u00bb\u00bb][vc_column_text css=\u00bb\u00bb]El Hogar Pedacito de Cielo es una instituci\u00f3n de bien p\u00fablico, que da unmarco de contenci\u00f3n, desarrollo, amor y esperanza a ni\u00f1os menores en [&hellip;]<\/p>\n","protected":false},"author":2,"featured_media":0,"parent":0,"menu_order":0,"comment_status":"closed","ping_status":"closed","template":"","meta":{"footnotes":""},"class_list":["post-62","page","type-page","status-publish","hentry"],"_links":{"self":[{"href":"https:\/\/pedacitodecielo.com.ar\/bienvenidos\/wp-json\/wp\/v2\/pages\/62","targetHints":{"allow":["GET"]}}],"collection":[{"href":"https:\/\/pedacitodecielo.com.ar\/bienvenidos\/wp-json\/wp\/v2\/pages"}],"about":[{"href":"https:\/\/pedacitodecielo.com.ar\/bienvenidos\/wp-json\/wp\/v2\/types\/page"}],"author":[{"embeddable":true,"href":"https:\/\/pedacitodecielo.com.ar\/bienvenidos\/wp-json\/wp\/v2\/users\/2"}],"replies":[{"embeddable":true,"href":"https:\/\/pedacitodecielo.com.ar\/bienvenidos\/wp-json\/wp\/v2\/comments?post=62"}],"version-history":[{"count":54,"href":"https:\/\/pedacitodecielo.com.ar\/bienvenidos\/wp-json\/wp\/v2\/pages\/62\/revisions"}],"predecessor-version":[{"id":313,"href":"https:\/\/pedacitodecielo.com.ar\/bienvenidos\/wp-json\/wp\/v2\/pages\/62\/revisions\/313"}],"wp:attachment":[{"href":"https:\/\/pedacitodecielo.com.ar\/bienvenidos\/wp-json\/wp\/v2\/media?parent=62"}],"curies":[{"name":"wp","href":"https:\/\/api.w.org\/{rel}","templated":true}]}}