{"id":19,"date":"2025-10-22T23:14:21","date_gmt":"2025-10-22T23:14:21","guid":{"rendered":"https:\/\/pedacitodecielo.com.ar\/bienvenidos\/?page_id=19"},"modified":"2025-10-23T18:48:28","modified_gmt":"2025-10-23T18:48:28","slug":"como-ayudar","status":"publish","type":"page","link":"https:\/\/pedacitodecielo.com.ar\/bienvenidos\/como-ayudar\/","title":{"rendered":"\u00bfC\u00f3mo ayudar?"},"content":{"rendered":"<div class=\"wpb-content-wrapper\"><p>[vc_row][vc_column width=\u00bb1\/4&#8243;][vc_single_image image=\u00bb92&#8243; img_size=\u00bbLARGE\u00bb css=\u00bb\u00bb][vc_single_image image=\u00bb234&#8243; img_size=\u00bbLARGE\u00bb css=\u00bb\u00bb][vc_single_image image=\u00bb96&#8243; img_size=\u00bbLARGE\u00bb css=\u00bb\u00bb][vc_single_image image=\u00bb88&#8243; img_size=\u00bbLARGE\u00bb css=\u00bb\u00bb][vc_single_image image=\u00bb90&#8243; img_size=\u00bbLARGE\u00bb css=\u00bb\u00bb][vc_single_image image=\u00bb238&#8243; img_size=\u00bbLARGE\u00bb css=\u00bb\u00bb][vc_single_image image=\u00bb236&#8243; img_size=\u00bbLARGE\u00bb css=\u00bb\u00bb][vc_single_image image=\u00bb237&#8243; img_size=\u00bbLARGE\u00bb css=\u00bb\u00bb][\/vc_column][vc_column width=\u00bb3\/4&#8243;][napoli_custom_text_block style=\u00bbstyle2&#8243; size=\u00bbh2&#8243; title=\u00bb\ud83d\udcab \u00bfC\u00f3mo pod\u00e9s ayudar?\u00bb]<\/p>\n<p data-start=\"327\" data-end=\"563\">En <strong data-start=\"330\" data-end=\"359\">Pedacito de Cielo Rosario<\/strong> acompa\u00f1amos a ni\u00f1os y ni\u00f1as con amor, cuidado y contenci\u00f3n durante su paso por el hogar \ud83c\udfe0\u2728<br data-start=\"451\" data-end=\"454\" \/>Tu ayuda hace posible que reciban la mejor atenci\u00f3n, por eso te invitamos a ser parte de esta gran familia.<\/p>\n<p data-start=\"565\" data-end=\"649\">Cada donaci\u00f3n, cada gesto y cada minuto de tu tiempo cuenta\u2026 y transforma vidas \ud83c\udf08<\/p>\n<p>[\/napoli_custom_text_block][napoli_custom_text_block style=\u00bbstyle2&#8243; size=\u00bbh2&#8243; title=\u00bb\ud83d\udcb0 Donaciones econ\u00f3micas\u00bb]<\/p>\n<p data-start=\"685\" data-end=\"839\">Darle lo mejor a nuestros peque\u00f1os es nuestra misi\u00f3n.<br data-start=\"738\" data-end=\"741\" \/>Cada aporte nos ayuda a sostener el hogar, cubrir necesidades diarias y seguir creciendo juntos.<\/p>\n<p data-start=\"841\" data-end=\"967\">Pod\u00e9s colaborar con una contribuci\u00f3n econ\u00f3mica \u00fanica o mensual.<br data-start=\"904\" data-end=\"907\" \/>\ud83d\udc49 <em data-start=\"910\" data-end=\"965\">Cada ayuda suma para seguir brindando amor y cuidado.<\/em><\/p>\n<p>[\/napoli_custom_text_block][vc_btn title=\u00bbQuiero donar\u00bb color=\u00bbturquoise\u00bb align=\u00bbleft\u00bb css_animation=\u00bbnone\u00bb css=\u00bb\u00bb link=\u00bburl:https%3A%2F%2Fdonaronline.org%2Fpedacito-de-cielo%2Fsocios-hogar-pedacito-de-cielo-en-la-tierra%3Fslid%3D3866099e-860b-4173-8c30-ccc107d3e207%26svid%3Da8012da6-3732-5130-a9f4-8eb0428f50ce%26utm_campaign%3Dorg_share%26utm_content%3Dcmpgn_edit_share%26utm_medium%3Dsocial%26utm_source%3Dwhatsapp|title:Quiero%20donar|target:_blank\u00bb][vc_empty_space height=\u00bb15px\u00bb][napoli_custom_text_block style=\u00bbstyle2&#8243; size=\u00bbh2&#8243; title=\u00bb\ud83d\udc55 Donaci\u00f3n de ropa\u00bb]<\/p>\n<p data-start=\"1050\" data-end=\"1230\">Tu ropa puede abrigar mucho m\u00e1s que el cuerpo \ud83d\udc9b<br data-start=\"1098\" data-end=\"1101\" \/>Recibimos prendas <strong data-start=\"1119\" data-end=\"1139\">listas para usar<\/strong>, <strong data-start=\"1141\" data-end=\"1152\">limpias<\/strong>, <strong data-start=\"1154\" data-end=\"1167\">completas<\/strong> y <strong data-start=\"1170\" data-end=\"1188\">en buen estado<\/strong>, para ni\u00f1os y ni\u00f1as de <strong data-start=\"1212\" data-end=\"1227\">0 a 10 a\u00f1os<\/strong>.<\/p>\n<p data-start=\"1232\" data-end=\"1315\">\ud83e\uddfa Ropa de abrigo, remeras, pantalones, zapatillas, medias y ropa interior nueva.<\/p>\n<p>[\/napoli_custom_text_block][vc_btn title=\u00bbContactanos para donar ropa\u00bb color=\u00bbturquoise\u00bb align=\u00bbleft\u00bb css_animation=\u00bbnone\u00bb css=\u00bb\u00bb link=\u00bburl:https%3A%2F%2Fwa.link%2Fbbnyva|title:Quiero%20donar|target:_blank\u00bb][vc_empty_space height=\u00bb15px\u00bb][napoli_custom_text_block style=\u00bbstyle2&#8243; size=\u00bbh2&#8243; title=\u00bb\ud83e\udd63 Donaci\u00f3n de alimentos\u00bb]<\/p>\n<p data-start=\"1425\" data-end=\"1555\">Gracias a vos, garantizamos platos llenos y corazones felices \ud83c\udf7d\ufe0f\ud83d\udc96<br data-start=\"1492\" data-end=\"1495\" \/>Pod\u00e9s donar alimentos <strong data-start=\"1517\" data-end=\"1535\">no perecederos<\/strong>, verificando que:<\/p>\n<ul data-start=\"1556\" data-end=\"1662\">\n<li data-start=\"1556\" data-end=\"1599\">\n<p data-start=\"1558\" data-end=\"1599\">Tengan <strong data-start=\"1565\" data-end=\"1597\">fecha de vencimiento vigente<\/strong><\/p>\n<\/li>\n<li data-start=\"1600\" data-end=\"1662\">\n<p data-start=\"1602\" data-end=\"1662\">Los envases est\u00e9n <strong data-start=\"1620\" data-end=\"1643\">cerrados de f\u00e1brica<\/strong> y en buen estado<\/p>\n<\/li>\n<\/ul>\n<p>[\/napoli_custom_text_block][vc_btn title=\u00bbCoordin\u00e1 tu donaci\u00f3n\u00bb color=\u00bbturquoise\u00bb align=\u00bbleft\u00bb css_animation=\u00bbnone\u00bb css=\u00bb\u00bb link=\u00bburl:https%3A%2F%2Fwa.link%2Fbbnyva|title:Coordin%C3%A1%20tu%20donaci%C3%B3n|target:_blank\u00bb][vc_empty_space height=\u00bb15px\u00bb][napoli_custom_text_block style=\u00bbstyle2&#8243; size=\u00bbh2&#8243; title=\u00bb\u23f0 Don\u00e1 tu tiempo\u00bb]<\/p>\n<p data-start=\"1425\" data-end=\"1555\">A veces, el regalo m\u00e1s valioso no se compra\u2026 se comparte \ud83d\udc95<br data-start=\"1804\" data-end=\"1807\" \/>Si quer\u00e9s ser voluntario, ofrecer tu conocimiento o simplemente acompa\u00f1ar, \u00a1te estamos esperando! \ud83d\ude4c\ud83d\udcab<\/p>\n<p>[\/napoli_custom_text_block][vc_btn title=\u00bbQuiero ser voluntario\/a\u00bb color=\u00bbturquoise\u00bb align=\u00bbleft\u00bb css_animation=\u00bbnone\u00bb css=\u00bb\u00bb link=\u00bburl:https%3A%2F%2Fwa.link%2Fbbnyva|title:Quiero%20ser%20voluntario%2Fa|target:_blank\u00bb][vc_empty_space height=\u00bb15px\u00bb][napoli_custom_text_block style=\u00bbstyle2&#8243; size=\u00bbh2&#8243; title=\u00bb\ud83d\udc8c Sumate a nuestra comunidad\u00bb]<\/p>\n<p data-start=\"1425\" data-end=\"1555\">Cada aporte, cada sonrisa y cada historia forman parte de este Pedacito de Cielo.<br data-start=\"2092\" data-end=\"2095\" \/>Juntos hacemos posible un lugar donde el amor transforma \ud83c\udf08<\/p>\n<p>[\/napoli_custom_text_block][vc_btn title=\u00bbQuiero Sumarme\u00bb color=\u00bbturquoise\u00bb align=\u00bbleft\u00bb css_animation=\u00bbnone\u00bb css=\u00bb\u00bb link=\u00bburl:https%3A%2F%2Fwa.link%2Fbbnyva|title:Quiero%20Sumarme|target:_blank\u00bb][vc_empty_space height=\u00bb15px\u00bb][napoli_custom_text_block style=\u00bbstyle2&#8243; size=\u00bbh2&#8243; title=\u00bbPor qu\u00e9 tu ayuda es tan importante\u00bb]<\/p>\n<ul data-start=\"1948\" data-end=\"2187\">\n<li data-start=\"1948\" data-end=\"2024\">\n<p data-start=\"1950\" data-end=\"2024\">Porque cada ni\u00f1o se merece un espacio seguro, lleno de cuidado y afecto.<\/p>\n<\/li>\n<li data-start=\"2025\" data-end=\"2087\">\n<p data-start=\"2027\" data-end=\"2087\">Porque tu gesto genera un impacto real, tangible y diario.<\/p>\n<\/li>\n<li data-start=\"2088\" data-end=\"2187\">\n<p data-start=\"2090\" data-end=\"2187\">Porque juntos transformamos tr\u00e1nsito en contenci\u00f3n, incertidumbre en juego, soledad en comunidad.<\/p>\n<\/li>\n<\/ul>\n<p data-start=\"2189\" data-end=\"2321\">Gracias por querer estar. Gracias por elegir caminar con nosotros.<br data-start=\"2255\" data-end=\"2258\" \/>#PedacitoDeCieloRosario #JuntosPorLaInfancia #AmorQueAcompa\u00f1a<\/p>\n<p>[\/napoli_custom_text_block][vc_empty_space][\/vc_column][\/vc_row]<\/p>\n<\/div>","protected":false},"excerpt":{"rendered":"<p>[vc_row][vc_column width=\u00bb1\/4&#8243;][vc_single_image image=\u00bb92&#8243; img_size=\u00bbLARGE\u00bb css=\u00bb\u00bb][vc_single_image image=\u00bb234&#8243; img_size=\u00bbLARGE\u00bb css=\u00bb\u00bb][vc_single_image image=\u00bb96&#8243; img_size=\u00bbLARGE\u00bb css=\u00bb\u00bb][vc_single_image image=\u00bb88&#8243; img_size=\u00bbLARGE\u00bb css=\u00bb\u00bb][vc_single_image image=\u00bb90&#8243; img_size=\u00bbLARGE\u00bb css=\u00bb\u00bb][vc_single_image image=\u00bb238&#8243; img_size=\u00bbLARGE\u00bb css=\u00bb\u00bb][vc_single_image image=\u00bb236&#8243; img_size=\u00bbLARGE\u00bb css=\u00bb\u00bb][vc_single_image image=\u00bb237&#8243; img_size=\u00bbLARGE\u00bb css=\u00bb\u00bb][\/vc_column][vc_column width=\u00bb3\/4&#8243;][napoli_custom_text_block style=\u00bbstyle2&#8243; size=\u00bbh2&#8243; title=\u00bb\ud83d\udcab \u00bfC\u00f3mo pod\u00e9s ayudar?\u00bb] En Pedacito de Cielo Rosario acompa\u00f1amos a ni\u00f1os y ni\u00f1as con amor, cuidado y contenci\u00f3n durante su paso por el hogar \ud83c\udfe0\u2728Tu [&hellip;]<\/p>\n","protected":false},"author":2,"featured_media":0,"parent":0,"menu_order":0,"comment_status":"closed","ping_status":"closed","template":"","meta":{"footnotes":""},"class_list":["post-19","page","type-page","status-publish","hentry"],"_links":{"self":[{"href":"https:\/\/pedacitodecielo.com.ar\/bienvenidos\/wp-json\/wp\/v2\/pages\/19","targetHints":{"allow":["GET"]}}],"collection":[{"href":"https:\/\/pedacitodecielo.com.ar\/bienvenidos\/wp-json\/wp\/v2\/pages"}],"about":[{"href":"https:\/\/pedacitodecielo.com.ar\/bienvenidos\/wp-json\/wp\/v2\/types\/page"}],"author":[{"embeddable":true,"href":"https:\/\/pedacitodecielo.com.ar\/bienvenidos\/wp-json\/wp\/v2\/users\/2"}],"replies":[{"embeddable":true,"href":"https:\/\/pedacitodecielo.com.ar\/bienvenidos\/wp-json\/wp\/v2\/comments?post=19"}],"version-history":[{"count":31,"href":"https:\/\/pedacitodecielo.com.ar\/bienvenidos\/wp-json\/wp\/v2\/pages\/19\/revisions"}],"predecessor-version":[{"id":292,"href":"https:\/\/pedacitodecielo.com.ar\/bienvenidos\/wp-json\/wp\/v2\/pages\/19\/revisions\/292"}],"wp:attachment":[{"href":"https:\/\/pedacitodecielo.com.ar\/bienvenidos\/wp-json\/wp\/v2\/media?parent=19"}],"curies":[{"name":"wp","href":"https:\/\/api.w.org\/{rel}","templated":true}]}}