{"id":15,"date":"2025-10-22T23:13:20","date_gmt":"2025-10-22T23:13:20","guid":{"rendered":"https:\/\/pedacitodecielo.com.ar\/bienvenidos\/?page_id=15"},"modified":"2025-10-27T22:13:59","modified_gmt":"2025-10-27T22:13:59","slug":"quienes-somos","status":"publish","type":"page","link":"https:\/\/pedacitodecielo.com.ar\/bienvenidos\/quienes-somos\/","title":{"rendered":"Quienes Somos"},"content":{"rendered":"<div class=\"wpb-content-wrapper\"><p>[vc_row css=\u00bb.vc_custom_1761178868629{margin-top: 50px !important;padding-top: 40px !important;padding-bottom: px !important;}\u00bb][vc_column][vc_empty_space][\/vc_column][\/vc_row][vc_row css=\u00bb.vc_custom_1761178347031{padding-top: 60px !important;padding-bottom: 60px !important;}\u00bb][vc_column width=\u00bb1\/2&#8243;][vc_custom_heading text=\u00bbQuienes Somos\u00bb font_container=\u00bbtag:h1|text_align:left|color:%23EB6162&#8243; google_fonts=\u00bbfont_family:PT%20Serif%3Aregular%2Citalic%2C700%2C700italic|font_style:700%20bold%20italic%3A700%3Aitalic\u00bb css_animation=\u00bbzoomIn\u00bb css=\u00bb\u00bb][vc_column_text css_animation=\u00bbbounceInLeft\u00bb css=\u00bb\u00bb]<span style=\"color: #297681;\">El Hogar Pedacito de Cielo es una instituci\u00f3n de bien p\u00fablico, que da unmarco de contenci\u00f3n, desarrollo, amor y esperanza a ni\u00f1os menores en situaci\u00f3nde alta vulnerabilidad.<\/span><\/p>\n<p><span style=\"color: #297681;\">Los ni\u00f1os son derivados por la Justicia, ya que por diferentes situaciones de desamparo, no pueden estar con sus familias.<\/span><\/p>\n<p><span style=\"color: #297681;\">La capacidad del Hogar es para chicos con edades de ingreso desde 0 hastalos 10 a\u00f1os. Todos los ni\u00f1os reciben contenci\u00f3n, afecto, educaci\u00f3n, alimentos,ropa y asistencia m\u00e9dica.<\/span>[\/vc_column_text][vc_custom_heading text=\u00bbNuestra Misi\u00f3n\u00bb font_container=\u00bbtag:h1|text_align:left|color:%23EB6162&#8243; google_fonts=\u00bbfont_family:PT%20Serif%3Aregular%2Citalic%2C700%2C700italic|font_style:700%20bold%20italic%3A700%3Aitalic\u00bb css_animation=\u00bbzoomIn\u00bb css=\u00bb\u00bb][vc_column_text css_animation=\u00bbbounceInLeft\u00bb css=\u00bb\u00bb]<\/p>\n<p class=\"p1\"><span style=\"color: #008080;\">Brindar a cada ni\u00f1o un lugar ,un hogar, una familia donde puedan crecer en un \u00e1mbito de cuidado y AMOR por sobre todas las cosas donde puedan Jugar, sonreir, pintar ,aprender, expresar entre tantas cosas y as\u00ed poder sanar , restaurar esa infancia que llega en la mayor\u00eda de los casos da\u00f1adas<\/span><\/p>\n<p class=\"p1\"><span style=\"color: #008080;\">Buscamos que los chicos puedan tener un sentido de pertenencia a esta casa como un verdadero \u201cHOGAR\u201d. El soporte espiritual fomenta la esperanza y la fe, generando un ambiente cordial y cari\u00f1oso.<\/span><\/p>\n<p class=\"p1\"><span style=\"color: #008080;\">Acompa\u00f1amos el desarrollo individual de cada uno, y los procesos de re-vinculaci\u00f3n familiar, porque ces\u00f3 el riesgo, o bien la vinculaci\u00f3n con una familia adoptante.<\/span><\/p>\n<p>[\/vc_column_text][vc_custom_heading text=\u00bbNuestra Visi\u00f3n\u00bb font_container=\u00bbtag:h1|text_align:left|color:%23EB6162&#8243; google_fonts=\u00bbfont_family:PT%20Serif%3Aregular%2Citalic%2C700%2C700italic|font_style:700%20bold%20italic%3A700%3Aitalic\u00bb css_animation=\u00bbzoomIn\u00bb css=\u00bb\u00bb][vc_column_text css_animation=\u00bbbounceInLeft\u00bb css=\u00bb\u00bb]<\/p>\n<p class=\"p1\"><span style=\"color: #008080;\">Nuestro centro tiene como finalidad: Realizar una acci\u00f3n preventiva para que los ni\u00f1os puedan desarrollar una subjetividad con recursos sanos que le permitan tomar decisiones que los alejen de situaciones conflictivas.<\/span><\/p>\n<p class=\"p1\"><span style=\"color: #008080;\">Generar recursos y habilidades para un desarrollo pleno acorde a su crecimiento y con las posibilidades que la ni\u00f1ez requiere en un contexto de amor y cuidadoen el tiempo que transcurra en el centro residencial, con bases que priorizan la ense\u00f1anza de valores y principios cristianos.<\/span><\/p>\n<p class=\"p1\"><span style=\"color: #008080;\">Contemplamos el desarrollo de la ni\u00f1ez desde una perspectiva integral y dando respuesta a las necesidades de la misma para evitar en un futuro vivencias que repitan la historia de consumo de sustancias como las precedentes de sus padres-madres.<\/span><\/p>\n<p>[\/vc_column_text][\/vc_column][vc_column width=\u00bb1\/2&#8243;][vc_single_image image=\u00bb238&#8243; img_size=\u00bbLARGE\u00bb alignment=\u00bbcenter\u00bb style=\u00bbvc_box_shadow\u00bb css_animation=\u00bbbounceIn\u00bb css=\u00bb\u00bb][\/vc_column][\/vc_row]<\/p>\n<\/div>","protected":false},"excerpt":{"rendered":"<p>[vc_row css=\u00bb.vc_custom_1761178868629{margin-top: 50px !important;padding-top: 40px !important;padding-bottom: px !important;}\u00bb][vc_column][vc_empty_space][\/vc_column][\/vc_row][vc_row css=\u00bb.vc_custom_1761178347031{padding-top: 60px !important;padding-bottom: 60px !important;}\u00bb][vc_column width=\u00bb1\/2&#8243;][vc_custom_heading text=\u00bbQuienes Somos\u00bb font_container=\u00bbtag:h1|text_align:left|color:%23EB6162&#8243; google_fonts=\u00bbfont_family:PT%20Serif%3Aregular%2Citalic%2C700%2C700italic|font_style:700%20bold%20italic%3A700%3Aitalic\u00bb css_animation=\u00bbzoomIn\u00bb css=\u00bb\u00bb][vc_column_text css_animation=\u00bbbounceInLeft\u00bb css=\u00bb\u00bb]El Hogar Pedacito de Cielo es una instituci\u00f3n de bien p\u00fablico, que da unmarco de contenci\u00f3n, desarrollo, amor y esperanza a ni\u00f1os menores en situaci\u00f3nde alta vulnerabilidad. Los ni\u00f1os son derivados por la Justicia, [&hellip;]<\/p>\n","protected":false},"author":2,"featured_media":0,"parent":0,"menu_order":0,"comment_status":"closed","ping_status":"closed","template":"","meta":{"footnotes":""},"class_list":["post-15","page","type-page","status-publish","hentry"],"_links":{"self":[{"href":"https:\/\/pedacitodecielo.com.ar\/bienvenidos\/wp-json\/wp\/v2\/pages\/15","targetHints":{"allow":["GET"]}}],"collection":[{"href":"https:\/\/pedacitodecielo.com.ar\/bienvenidos\/wp-json\/wp\/v2\/pages"}],"about":[{"href":"https:\/\/pedacitodecielo.com.ar\/bienvenidos\/wp-json\/wp\/v2\/types\/page"}],"author":[{"embeddable":true,"href":"https:\/\/pedacitodecielo.com.ar\/bienvenidos\/wp-json\/wp\/v2\/users\/2"}],"replies":[{"embeddable":true,"href":"https:\/\/pedacitodecielo.com.ar\/bienvenidos\/wp-json\/wp\/v2\/comments?post=15"}],"version-history":[{"count":26,"href":"https:\/\/pedacitodecielo.com.ar\/bienvenidos\/wp-json\/wp\/v2\/pages\/15\/revisions"}],"predecessor-version":[{"id":303,"href":"https:\/\/pedacitodecielo.com.ar\/bienvenidos\/wp-json\/wp\/v2\/pages\/15\/revisions\/303"}],"wp:attachment":[{"href":"https:\/\/pedacitodecielo.com.ar\/bienvenidos\/wp-json\/wp\/v2\/media?parent=15"}],"curies":[{"name":"wp","href":"https:\/\/api.w.org\/{rel}","templated":true}]}}