{"id":133,"date":"2025-10-23T01:10:20","date_gmt":"2025-10-23T01:10:20","guid":{"rendered":"https:\/\/pedacitodecielo.com.ar\/bienvenidos\/?page_id=133"},"modified":"2025-11-26T15:54:12","modified_gmt":"2025-11-26T15:54:12","slug":"equipo-de-trabajo","status":"publish","type":"page","link":"https:\/\/pedacitodecielo.com.ar\/bienvenidos\/equipo-de-trabajo\/","title":{"rendered":"Equipo de trabajo"},"content":{"rendered":"<div class=\"wpb-content-wrapper\"><p>[vc_row css=\u00bb.vc_custom_1761182130467{padding-top: 50px !important;}\u00bb][vc_column][vc_empty_space height=\u00bb60px\u00bb][vc_custom_heading text=\u00bbEquipo de Trabajo\u00bb font_container=\u00bbtag:h2|font_size:45|text_align:center|color:%23EB6162&#8243; google_fonts=\u00bbfont_family:Source%20Serif%20Pro%3A400%2C600%2C700|font_style:700%20bold%20regular%3A700%3Anormal\u00bb css=\u00bb\u00bb][\/vc_column][\/vc_row][vc_row][vc_column][vc_empty_space height=\u00bb60px\u00bb][vc_column_text css=\u00bb\u00bb]<\/p>\n<h3><span style=\"color: #008080;\">DIRECTORAS<\/span><\/h3>\n<p>Mar\u00eda Jose Echenique<\/p>\n<p>Marcelo Salvatierra<\/p>\n<p>&nbsp;<\/p>\n<h3><span style=\"color: #008080;\">EQUIPO TECNICO<\/span><\/h3>\n<p>Luciana Silva | Asesora Pedag\u00f3gica<\/p>\n<p>Carina Jordan | Psic\u00f3loga<\/p>\n<p>Natalia Casella | Psic\u00f3loga<\/p>\n<p>Melisa Patriarca | Psic\u00f3loga<\/p>\n<p>Violeta Silva | T\u00e9cnica en familia<\/p>\n<p>&nbsp;<\/p>\n<h3><span style=\"color: #008080;\">ACOMPA\u00d1ANTES CONVENCIONALES<\/span><\/h3>\n<p>Staff fijo de m\u00e1s de 20 personas que se turnan para acompa\u00f1ar a los ni\u00f1os 24\/7<\/p>\n<p>&nbsp;<\/p>\n<h3><span style=\"color: #008080;\">VOLUNTARIADO<\/span><\/h3>\n<p>Son personas que se van sumando de una u otra manera a colaborar<\/p>\n<p>&nbsp;<\/p>\n<h3><span style=\"color: #008080;\">MIEMBROS SOLIDARIOS<\/span><\/h3>\n<p>Personas que forman parte aportando dinero de manera mensual ayudando en esto a solventar gastos.[\/vc_column_text][vc_empty_space height=\u00bb60px\u00bb][\/vc_column][\/vc_row]<\/p>\n<\/div>","protected":false},"excerpt":{"rendered":"<p>[vc_row css=\u00bb.vc_custom_1761182130467{padding-top: 50px !important;}\u00bb][vc_column][vc_empty_space height=\u00bb60px\u00bb][vc_custom_heading text=\u00bbEquipo de Trabajo\u00bb font_container=\u00bbtag:h2|font_size:45|text_align:center|color:%23EB6162&#8243; google_fonts=\u00bbfont_family:Source%20Serif%20Pro%3A400%2C600%2C700|font_style:700%20bold%20regular%3A700%3Anormal\u00bb css=\u00bb\u00bb][\/vc_column][\/vc_row][vc_row][vc_column][vc_empty_space height=\u00bb60px\u00bb][vc_column_text css=\u00bb\u00bb] DIRECTORAS Mar\u00eda Jose Echenique Marcelo Salvatierra &nbsp; EQUIPO TECNICO Luciana Silva | Asesora Pedag\u00f3gica Carina Jordan | Psic\u00f3loga Natalia Casella | Psic\u00f3loga Melisa Patriarca | Psic\u00f3loga Violeta Silva | T\u00e9cnica en familia &nbsp; ACOMPA\u00d1ANTES CONVENCIONALES Staff fijo de m\u00e1s de 20 personas [&hellip;]<\/p>\n","protected":false},"author":2,"featured_media":0,"parent":0,"menu_order":0,"comment_status":"closed","ping_status":"closed","template":"","meta":{"footnotes":""},"class_list":["post-133","page","type-page","status-publish","hentry"],"_links":{"self":[{"href":"https:\/\/pedacitodecielo.com.ar\/bienvenidos\/wp-json\/wp\/v2\/pages\/133","targetHints":{"allow":["GET"]}}],"collection":[{"href":"https:\/\/pedacitodecielo.com.ar\/bienvenidos\/wp-json\/wp\/v2\/pages"}],"about":[{"href":"https:\/\/pedacitodecielo.com.ar\/bienvenidos\/wp-json\/wp\/v2\/types\/page"}],"author":[{"embeddable":true,"href":"https:\/\/pedacitodecielo.com.ar\/bienvenidos\/wp-json\/wp\/v2\/users\/2"}],"replies":[{"embeddable":true,"href":"https:\/\/pedacitodecielo.com.ar\/bienvenidos\/wp-json\/wp\/v2\/comments?post=133"}],"version-history":[{"count":16,"href":"https:\/\/pedacitodecielo.com.ar\/bienvenidos\/wp-json\/wp\/v2\/pages\/133\/revisions"}],"predecessor-version":[{"id":319,"href":"https:\/\/pedacitodecielo.com.ar\/bienvenidos\/wp-json\/wp\/v2\/pages\/133\/revisions\/319"}],"wp:attachment":[{"href":"https:\/\/pedacitodecielo.com.ar\/bienvenidos\/wp-json\/wp\/v2\/media?parent=133"}],"curies":[{"name":"wp","href":"https:\/\/api.w.org\/{rel}","templated":true}]}}