{"id":115,"date":"2025-10-23T00:39:44","date_gmt":"2025-10-23T00:39:44","guid":{"rendered":"https:\/\/pedacitodecielo.com.ar\/bienvenidos\/?page_id=115"},"modified":"2025-10-23T01:09:25","modified_gmt":"2025-10-23T01:09:25","slug":"como-lo-hacemos","status":"publish","type":"page","link":"https:\/\/pedacitodecielo.com.ar\/bienvenidos\/como-lo-hacemos\/","title":{"rendered":"Como lo hacemos"},"content":{"rendered":"<div class=\"wpb-content-wrapper\"><p>[vc_row][vc_column][napoli_about title=\u00bbComo lo hacemos\u00bb image=\u00bb96&#8243;]<\/p>\n<p class=\"p1\">El Hogar cuenta con asistencia psicol\u00f3gica, asistencia social, operadores y personal para tareas diversas. Y contamos con una red de voluntariado insustituible.<\/p>\n<p class=\"p1\">Se provee para todas sus necesidades b\u00e1sicas, cuidado especial las 24 horas por personal capacitado, tutor\u00edas, alimentaci\u00f3n balanceada conforme a la condici\u00f3n de salud y edad de los menores, acceso a servicios m\u00e9dicos especializados, medicinas y todo lo que puedan necesitar durante su estad\u00eda con nosotros.<\/p>\n<p>[\/napoli_about][napoli_about title=\u00bbALIMENTACI\u00d3N\u00bb image=\u00bb92&#8243;]<\/p>\n<p class=\"p1\">Proporcionamos diariamente comidas nutritivas. Para lograrlo sumamos la asesor\u00eda de Banco de Alimentos y el apoyo de donantes en especie, asegurando en los ni\u00f1os y ni\u00f1as una dieta equilibrada y la promoci\u00f3n de buenos h\u00e1bitos alimenticios.<\/p>\n<p>[\/napoli_about][napoli_about title=\u00bbEDUCACI\u00d3N\u00bb image=\u00bb100&#8243;]<\/p>\n<p class=\"p1\">Garantizamos la educaci\u00f3n formal y facilitamos que las ni\u00f1as y ni\u00f1os que vivenen el Hogar alcancen el nivel de educaci\u00f3n acorde al grado que les corresponde enla escuela.<\/p>\n<p>[\/napoli_about][napoli_about title=\u00bbSALUD\u00bb image=\u00bb131&#8243;]<\/p>\n<p class=\"p1\">Contamos con un equipo m\u00e9dico y terap\u00e9utico especializado ,generamos v\u00ednculos con instituciones m\u00e9dicas y estatales para seguir las necesidades de cadani\u00f1o y ni\u00f1a asegurando su salud f\u00edsica y psicol\u00f3gica.<\/p>\n<p>[\/napoli_about][napoli_about title=\u00bbCONTENCI\u00d3N\u00bb image=\u00bb129&#8243;]<\/p>\n<p class=\"p1\">El Hogar est\u00e1 abierto todos los d\u00edas del a\u00f1o y el personal est\u00e1 a disposici\u00f3n durante las 24 horas. De esta manera otorgamos un sost\u00e9n continuo y cuidado para los ni\u00f1os y ni\u00f1as, estando siempre acompa\u00f1ados.<\/p>\n<p>[\/napoli_about][napoli_about title=\u00bbESPARCIMIENTO\u00bb image=\u00bb93&#8243;]<\/p>\n<p class=\"p1\">Favorecemos un entorno estimulante para los ni\u00f1os y las ni\u00f1as, a trav\u00e9s de talleres art\u00edsticos, juegos, salidas educativas-recreativas y actividades culturales generadas por voluntarios, clubes, colegios, iglesia<\/p>\n<p>[\/napoli_about][napoli_about title=\u00bbPROMOCI\u00d3N\u00bb image=\u00bb95&#8243;]<\/p>\n<p class=\"p1\">Promovemos los derechos en la infancia a trav\u00e9s del trabajo de concientizaci\u00f3n, capacitaci\u00f3n y difusi\u00f3n con nuestro equipo, organizaciones aliadas, voluntariado, prensa y campa\u00f1as espec\u00edficas.<\/p>\n<p>[\/napoli_about][\/vc_column][\/vc_row][vc_row css=\u00bb.vc_custom_1761181621918{padding-top: 40px !important;padding-bottom: 80px !important;}\u00bb][vc_column][vc_custom_heading text=\u00bbTe invitamos a que conozcas el Hogar y te sumes a este maravilloso proyecto<br \/>\npara darles un mejor futuro a los chicos.\u00bb font_container=\u00bbtag:h3|text_align:center|color:%23EB6162&#8243; google_fonts=\u00bbfont_family:Courgette%3Aregular|font_style:400%20regular%3A400%3Anormal\u00bb css=\u00bb\u00bb][\/vc_column][\/vc_row]<\/p>\n<\/div>","protected":false},"excerpt":{"rendered":"<p>[vc_row][vc_column][napoli_about title=\u00bbComo lo hacemos\u00bb image=\u00bb96&#8243;] El Hogar cuenta con asistencia psicol\u00f3gica, asistencia social, operadores y personal para tareas diversas. Y contamos con una red de voluntariado insustituible. Se provee para todas sus necesidades b\u00e1sicas, cuidado especial las 24 horas por personal capacitado, tutor\u00edas, alimentaci\u00f3n balanceada conforme a la condici\u00f3n de salud y edad de los [&hellip;]<\/p>\n","protected":false},"author":2,"featured_media":0,"parent":0,"menu_order":0,"comment_status":"closed","ping_status":"closed","template":"","meta":{"footnotes":""},"class_list":["post-115","page","type-page","status-publish","hentry"],"_links":{"self":[{"href":"https:\/\/pedacitodecielo.com.ar\/bienvenidos\/wp-json\/wp\/v2\/pages\/115","targetHints":{"allow":["GET"]}}],"collection":[{"href":"https:\/\/pedacitodecielo.com.ar\/bienvenidos\/wp-json\/wp\/v2\/pages"}],"about":[{"href":"https:\/\/pedacitodecielo.com.ar\/bienvenidos\/wp-json\/wp\/v2\/types\/page"}],"author":[{"embeddable":true,"href":"https:\/\/pedacitodecielo.com.ar\/bienvenidos\/wp-json\/wp\/v2\/users\/2"}],"replies":[{"embeddable":true,"href":"https:\/\/pedacitodecielo.com.ar\/bienvenidos\/wp-json\/wp\/v2\/comments?post=115"}],"version-history":[{"count":13,"href":"https:\/\/pedacitodecielo.com.ar\/bienvenidos\/wp-json\/wp\/v2\/pages\/115\/revisions"}],"predecessor-version":[{"id":118,"href":"https:\/\/pedacitodecielo.com.ar\/bienvenidos\/wp-json\/wp\/v2\/pages\/115\/revisions\/118"}],"wp:attachment":[{"href":"https:\/\/pedacitodecielo.com.ar\/bienvenidos\/wp-json\/wp\/v2\/media?parent=115"}],"curies":[{"name":"wp","href":"https:\/\/api.w.org\/{rel}","templated":true}]}}